{"id":444,"date":"2020-06-29T13:38:16","date_gmt":"2020-06-29T11:38:16","guid":{"rendered":"https:\/\/bbreveille.wpengine.com\/home\/"},"modified":"2021-04-12T10:38:41","modified_gmt":"2021-04-12T08:38:41","slug":"home","status":"publish","type":"page","link":"https:\/\/bb-reveille.com\/de\/","title":{"rendered":"Home"},"content":{"rendered":"[vc_row type=&#8220;full_width_background&#8220; full_screen_row_position=&#8220;middle&#8220; column_margin=&#8220;default&#8220; column_direction=&#8220;default&#8220; column_direction_tablet=&#8220;default&#8220; column_direction_phone=&#8220;default&#8220; bg_image=&#8220;177&#8243; bg_position=&#8220;center center&#8220; bg_repeat=&#8220;no-repeat&#8220; scene_position=&#8220;center&#8220; top_padding=&#8220;100&#8243; bottom_padding=&#8220;20&#8243; text_color=&#8220;dark&#8220; text_align=&#8220;left&#8220; row_border_radius=&#8220;none&#8220; row_border_radius_applies=&#8220;bg&#8220; enable_gradient=&#8220;true&#8220; color_overlay=&#8220;rgba(255,255,255,0.97)&#8220; color_overlay_2=&#8220;rgba(82,26,37,0.49)&#8220; overlay_strength=&#8220;0.95&#8243; gradient_direction=&#8220;left_t_to_right_b&#8220; shape_divider_position=&#8220;bottom&#8220; shape_divider_height=&#8220;80&#8243; bg_image_animation=&#8220;none&#8220; shape_type=&#8220;waves&#8220;][vc_column column_padding=&#8220;no-extra-padding&#8220; column_padding_tablet=&#8220;inherit&#8220; column_padding_phone=&#8220;inherit&#8220; column_padding_position=&#8220;all&#8220; background_color_opacity=&#8220;1&#8243; background_hover_color_opacity=&#8220;1&#8243; column_shadow=&#8220;none&#8220; column_border_radius=&#8220;none&#8220; column_link_target=&#8220;_self&#8220; gradient_direction=&#8220;left_to_right&#8220; overlay_strength=&#8220;0.3&#8243; width=&#8220;1\/2&#8243; tablet_width_inherit=&#8220;default&#8220; tablet_text_alignment=&#8220;default&#8220; phone_text_alignment=&#8220;default&#8220; column_border_width=&#8220;none&#8220; column_border_style=&#8220;solid&#8220; bg_image_animation=&#8220;none&#8220;][\/vc_column][vc_column column_padding=&#8220;no-extra-padding&#8220; column_padding_tablet=&#8220;inherit&#8220; column_padding_phone=&#8220;inherit&#8220; column_padding_position=&#8220;all&#8220; bottom_margin=&#8220;-200px&#8220; bottom_margin_tablet=&#8220;-130px&#8220; bottom_margin_phone=&#8220;-100px&#8220; background_color_opacity=&#8220;1&#8243; background_hover_color_opacity=&#8220;1&#8243; column_shadow=&#8220;none&#8220; column_border_radius=&#8220;none&#8220; column_link_target=&#8220;_self&#8220; el_class=&#8220;cascading-images-header&#8220; gradient_direction=&#8220;left_to_right&#8220; overlay_strength=&#8220;0.3&#8243; width=&#8220;1\/2&#8243; tablet_width_inherit=&#8220;default&#8220; tablet_text_alignment=&#8220;default&#8220; phone_text_alignment=&#8220;default&#8220; column_border_width=&#8220;none&#8220; column_border_style=&#8220;solid&#8220; bg_image_animation=&#8220;none&#8220; enable_animation=&#8220;true&#8220; animation=&#8220;fade-in-from-right&#8220;][nectar_cascading_images image_1_url=&#8220;140&#8243; image_1_offset_x_sign=&#8220;+&#8220; image_1_offset_x=&#8220;5%&#8220; image_1_offset_y_sign=&#8220;+&#8220; image_1_offset_y=&#8220;20%&#8220; image_1_rotate_sign=&#8220;+&#8220; image_1_rotate=&#8220;5&#8243; image_1_scale=&#8220;1&#8243; image_1_box_shadow=&#8220;none&#8220; image_1_padding=&#8220;auto&#8220; image_1_max_width_desktop=&#8220;100%&#8220; image_1_max_width_mobile=&#8220;100%&#8220; image_1_image_width_mobile=&#8220;default&#8220; image_2_url=&#8220;131&#8243; image_2_offset_x_sign=&#8220;+&#8220; image_2_offset_x=&#8220;0%&#8220; image_2_offset_y_sign=&#8220;+&#8220; image_2_offset_y=&#8220;0%&#8220; image_2_rotate_sign=&#8220;+&#8220; image_2_rotate=&#8220;none&#8220; image_2_scale=&#8220;1&#8243; image_2_box_shadow=&#8220;none&#8220; image_2_padding=&#8220;auto&#8220; image_2_max_width_desktop=&#8220;100%&#8220; image_2_max_width_mobile=&#8220;100%&#8220; image_2_image_width_mobile=&#8220;default&#8220; image_3_url=&#8220;127&#8243; image_3_offset_x_sign=&#8220;-&#8220; image_3_offset_x=&#8220;5%&#8220; image_3_offset_y_sign=&#8220;-&#8220; image_3_offset_y=&#8220;20%&#8220; image_3_rotate_sign=&#8220;-&#8220; image_3_rotate=&#8220;5&#8243; image_3_scale=&#8220;1&#8243; image_3_box_shadow=&#8220;none&#8220; image_3_padding=&#8220;auto&#8220; image_3_max_width_desktop=&#8220;100%&#8220; image_3_max_width_mobile=&#8220;100%&#8220; image_3_image_width_mobile=&#8220;default&#8220; image_4_offset_x_sign=&#8220;+&#8220; image_4_offset_x=&#8220;0%&#8220; image_4_offset_y_sign=&#8220;+&#8220; image_4_offset_y=&#8220;0%&#8220; image_4_rotate_sign=&#8220;+&#8220; image_4_rotate=&#8220;none&#8220; image_4_scale=&#8220;1&#8243; image_4_box_shadow=&#8220;none&#8220; image_4_padding=&#8220;auto&#8220; image_4_max_width_desktop=&#8220;100%&#8220; image_4_max_width_mobile=&#8220;100%&#8220; image_4_image_width_mobile=&#8220;default&#8220; border_radius=&#8220;none&#8220; image_loading=&#8220;default&#8220; parallax_scrolling=&#8220;yes&#8220; layer_1_parallax_scrolling=&#8220;yes&#8220; parallax_scrolling_intensity=&#8220;subtle&#8220;][\/vc_column][\/vc_row][vc_row type=&#8220;in_container&#8220; full_screen_row_position=&#8220;middle&#8220; column_margin=&#8220;default&#8220; equal_height=&#8220;yes&#8220; content_placement=&#8220;middle&#8220; column_direction=&#8220;default&#8220; column_direction_tablet=&#8220;default&#8220; column_direction_phone=&#8220;default&#8220; bg_image=&#8220;157&#8243; bg_position=&#8220;right bottom&#8220; bg_repeat=&#8220;no-repeat&#8220; scene_position=&#8220;center&#8220; top_padding=&#8220;80&#8243; bottom_padding=&#8220;50&#8243; text_color=&#8220;dark&#8220; text_align=&#8220;left&#8220; row_border_radius=&#8220;none&#8220; row_border_radius_applies=&#8220;bg&#8220; class=&#8220;cirkel-background&#8220; overlay_strength=&#8220;0.3&#8243; gradient_direction=&#8220;left_to_right&#8220; shape_divider_position=&#8220;bottom&#8220; bg_image_animation=&#8220;none&#8220; shape_type=&#8220;&#8220;][vc_column column_padding=&#8220;no-extra-padding&#8220; column_padding_tablet=&#8220;inherit&#8220; column_padding_phone=&#8220;inherit&#8220; column_padding_position=&#8220;all&#8220; background_color_opacity=&#8220;1&#8243; background_hover_color_opacity=&#8220;1&#8243; column_shadow=&#8220;none&#8220; column_border_radius=&#8220;none&#8220; column_link_target=&#8220;_self&#8220; gradient_direction=&#8220;left_to_right&#8220; overlay_strength=&#8220;0.3&#8243; width=&#8220;1\/2&#8243; tablet_width_inherit=&#8220;default&#8220; tablet_text_alignment=&#8220;default&#8220; phone_text_alignment=&#8220;default&#8220; column_border_width=&#8220;none&#8220; column_border_style=&#8220;solid&#8220; bg_image_animation=&#8220;none&#8220;][vc_column_text]\n<h1><b><span class=\"s1\">B&amp;B <\/span>Reveille<\/b><\/h1>\n<p><em>Awakens nature in you\u00a0<\/em><\/p>\n<p>&nbsp;<\/p>\n<p><i><span style=\"font-weight: 400;\">Willst du mal raus?<\/span><\/i><\/p>\n<p><span style=\"font-weight: 400;\">Wachen Sie auf mit Vogelgesang rundum. Gehen Sie bei Sonnenaufgang im Wald spazieren. Entspannen Sie auf einer Insel der Ruhe. Beenden Sie den Tag mit einem Glas Wein im Garten der <span class=\"s1\">B&amp;B <\/span> Reveille. Hier k\u00f6nnen Sie dem Alltag und der schnellen Existenz entgehen. Hier k\u00f6nnen Sie das Buch, das Sie schon seit Wochen herumliegen haben, endlich zu Ende lesen. Hier k\u00f6nnen Sie sich die Natur zun\u00e4chst einmal angucken oder die St\u00e4dte in der N\u00e4he besuchen. Hier k\u00f6nnen Sie alles mal pausieren.\u00a0<\/span><\/p>\n<p><span style=\"font-weight: 400;\">Bei <span class=\"s1\">B&amp;B <\/span>Reveille k\u00f6nnen Sie endlich mal Zeit mit sich selber verbringen.<\/span><\/p>\n<p><span style=\"font-weight: 400;\">Entdecken Sie mehr<\/span><span style=\"font-weight: 400;\">\u00a0<\/span>[\/vc_column_text][nectar_btn size=&#8220;small&#8220; button_style=&#8220;see-through-2&#8243; hover_text_color_override=&#8220;#ffffff&#8220; icon_family=&#8220;iconsmind&#8220; text=&#8220;Entdecken Sie mehr&#8220; url=&#8220;\/de\/was-gibt-es-zu-tun\/&#8220; margin_top=&#8220;30&#8243; icon_iconsmind=&#8220;iconsmind-Location-2&#8243; css_animation=&#8220;fadeInUp&#8220; margin_left=&#8220;10&#8243; margin_right=&#8220;10&#8243;][nectar_btn size=&#8220;small&#8220; button_style=&#8220;see-through-2&#8243; hover_text_color_override=&#8220;#ffffff&#8220; icon_family=&#8220;iconsmind&#8220; text=&#8220;Unsere Zimmer&#8220; url=&#8220;\/de\/unsere-zimmer\/&#8220; margin_top=&#8220;30&#8243; icon_iconsmind=&#8220;iconsmind-Roof&#8220; css_animation=&#8220;fadeInUp&#8220; margin_left=&#8220;10&#8243; margin_right=&#8220;10&#8243;][\/vc_column][vc_column column_padding=&#8220;no-extra-padding&#8220; column_padding_tablet=&#8220;inherit&#8220; column_padding_phone=&#8220;inherit&#8220; column_padding_position=&#8220;all&#8220; background_color_opacity=&#8220;1&#8243; background_hover_color_opacity=&#8220;1&#8243; column_shadow=&#8220;none&#8220; column_border_radius=&#8220;none&#8220; column_link_target=&#8220;_self&#8220; gradient_direction=&#8220;left_to_right&#8220; overlay_strength=&#8220;0.3&#8243; width=&#8220;1\/2&#8243; tablet_width_inherit=&#8220;default&#8220; tablet_text_alignment=&#8220;default&#8220; phone_text_alignment=&#8220;default&#8220; column_border_width=&#8220;none&#8220; column_border_style=&#8220;solid&#8220; bg_image_animation=&#8220;none&#8220;][vc_column_text][\/vc_column_text][\/vc_column][\/vc_row][vc_row type=&#8220;full_width_content&#8220; full_screen_row_position=&#8220;middle&#8220; column_margin=&#8220;20px&#8220; column_direction=&#8220;default&#8220; column_direction_tablet=&#8220;default&#8220; column_direction_phone=&#8220;default&#8220; scene_position=&#8220;center&#8220; bottom_padding=&#8220;20&#8243; text_color=&#8220;dark&#8220; text_align=&#8220;left&#8220; row_border_radius=&#8220;none&#8220; row_border_radius_applies=&#8220;bg&#8220; class=&#8220;aanbod-kamers&#8220; overlay_strength=&#8220;0.3&#8243; gradient_direction=&#8220;left_to_right&#8220; shape_divider_position=&#8220;bottom&#8220; bg_image_animation=&#8220;none&#8220; shape_type=&#8220;&#8220;][vc_column column_padding=&#8220;no-extra-padding&#8220; column_padding_tablet=&#8220;inherit&#8220; column_padding_phone=&#8220;inherit&#8220; column_padding_position=&#8220;all&#8220; background_color_opacity=&#8220;1&#8243; background_hover_color_opacity=&#8220;1&#8243; column_shadow=&#8220;none&#8220; column_border_radius=&#8220;none&#8220; column_link_target=&#8220;_self&#8220; el_class=&#8220;first-column&#8220; gradient_direction=&#8220;left_to_right&#8220; overlay_strength=&#8220;0.3&#8243; width=&#8220;1\/3&#8243; tablet_width_inherit=&#8220;default&#8220; tablet_text_alignment=&#8220;default&#8220; phone_text_alignment=&#8220;default&#8220; column_border_width=&#8220;none&#8220; column_border_style=&#8220;solid&#8220; bg_image_animation=&#8220;none&#8220; offset=&#8220;vc_hidden-sm vc_hidden-xs&#8220;][\/vc_column][vc_column column_padding=&#8220;no-extra-padding&#8220; column_padding_tablet=&#8220;inherit&#8220; column_padding_phone=&#8220;inherit&#8220; column_padding_position=&#8220;all&#8220; background_color_opacity=&#8220;1&#8243; background_hover_color_opacity=&#8220;1&#8243; column_shadow=&#8220;none&#8220; column_border_radius=&#8220;none&#8220; column_link_target=&#8220;_self&#8220; gradient_direction=&#8220;left_to_right&#8220; overlay_strength=&#8220;0.3&#8243; width=&#8220;1\/3&#8243; tablet_width_inherit=&#8220;default&#8220; tablet_text_alignment=&#8220;default&#8220; phone_text_alignment=&#8220;default&#8220; column_border_width=&#8220;none&#8220; column_border_style=&#8220;solid&#8220; bg_image_animation=&#8220;none&#8220; offset=&#8220;vc_hidden-sm vc_hidden-xs&#8220;][fancy_box box_style=&#8220;default&#8220; icon_family=&#8220;none&#8220; image_url=&#8220;201&#8243; color=&#8220;accent-color&#8220; border_radius=&#8220;default&#8220; image_loading=&#8220;default&#8220; min_height=&#8220;147&#8243; link_text=&#8220;Mehr Informationen&#8220; link_url=&#8220;\/de\/unsere-zimmer#suites&#8220;]\n<h2>Unsere Suiten<\/h2>\n<p>2 personen[\/fancy_box][\/vc_column][vc_column column_padding=&#8220;no-extra-padding&#8220; column_padding_tablet=&#8220;inherit&#8220; column_padding_phone=&#8220;inherit&#8220; column_padding_position=&#8220;all&#8220; background_color_opacity=&#8220;1&#8243; background_hover_color_opacity=&#8220;1&#8243; column_shadow=&#8220;none&#8220; column_border_radius=&#8220;none&#8220; column_link_target=&#8220;_self&#8220; el_class=&#8220;last-column&#8220; gradient_direction=&#8220;left_to_right&#8220; overlay_strength=&#8220;0.3&#8243; width=&#8220;1\/3&#8243; tablet_width_inherit=&#8220;default&#8220; tablet_text_alignment=&#8220;default&#8220; phone_text_alignment=&#8220;default&#8220; column_border_width=&#8220;none&#8220; column_border_style=&#8220;solid&#8220; bg_image_animation=&#8220;none&#8220; offset=&#8220;vc_hidden-sm vc_hidden-xs&#8220;][\/vc_column][\/vc_row]\n","protected":false},"excerpt":{"rendered":"<p>[vc_row type=&#8220;full_width_background&#8220; full_screen_row_position=&#8220;middle&#8220; column_margin=&#8220;default&#8220; column_direction=&#8220;default&#8220; column_direction_tablet=&#8220;default&#8220; column_direction_phone=&#8220;default&#8220; bg_image=&#8220;177&#8243; bg_position=&#8220;center center&#8220; bg_repeat=&#8220;no-repeat&#8220; scene_position=&#8220;center&#8220; top_padding=&#8220;100&#8243; bottom_padding=&#8220;20&#8243; text_color=&#8220;dark&#8220; text_align=&#8220;left&#8220; row_border_radius=&#8220;none&#8220; row_border_radius_applies=&#8220;bg&#8220; enable_gradient=&#8220;true&#8220; color_overlay=&#8220;rgba(255,255,255,0.97)&#8220; color_overlay_2=&#8220;rgba(82,26,37,0.49)&#8220; overlay_strength=&#8220;0.95&#8243; gradient_direction=&#8220;left_t_to_right_b&#8220; shape_divider_position=&#8220;bottom&#8220; shape_divider_height=&#8220;80&#8243; bg_image_animation=&#8220;none&#8220; shape_type=&#8220;waves&#8220;][vc_column column_padding=&#8220;no-extra-padding&#8220; column_padding_tablet=&#8220;inherit&#8220; column_padding_phone=&#8220;inherit&#8220;&#8230;<\/p>\n","protected":false},"author":6,"featured_media":0,"parent":0,"menu_order":0,"comment_status":"closed","ping_status":"closed","template":"","meta":{"footnotes":""},"class_list":["post-444","page","type-page","status-publish"],"yoast_head":"<!-- This site is optimized with the Yoast SEO plugin v27.4 - https:\/\/yoast.com\/product\/yoast-seo-wordpress\/ -->\n<title>Home &#8226; B&amp;B Reveille<\/title>\n<meta name=\"description\" content=\"Ga op in een oase van rust. Top je dag af nippend aan een glas wijn in de achtertuin van Reveille. Hier ontsnap je even aan de dagelijkse sleur en het snelle bestaan.\" \/>\n<meta name=\"robots\" content=\"index, follow, max-snippet:-1, max-image-preview:large, max-video-preview:-1\" \/>\n<link rel=\"canonical\" href=\"https:\/\/bb-reveille.com\/de\/\" \/>\n<meta property=\"og:locale\" content=\"de_DE\" \/>\n<meta property=\"og:type\" content=\"article\" \/>\n<meta property=\"og:title\" content=\"Home &#8226; B&amp;B Reveille\" \/>\n<meta property=\"og:description\" content=\"Ga op in een oase van rust. Top je dag af nippend aan een glas wijn in de achtertuin van Reveille. Hier ontsnap je even aan de dagelijkse sleur en het snelle bestaan.\" \/>\n<meta property=\"og:url\" content=\"https:\/\/bb-reveille.com\/de\/\" \/>\n<meta property=\"og:site_name\" content=\"B&amp;B Reveille\" \/>\n<meta property=\"article:modified_time\" content=\"2021-04-12T08:38:41+00:00\" \/>\n<meta name=\"twitter:card\" content=\"summary_large_image\" \/>\n<meta name=\"twitter:label1\" content=\"Gesch\u00e4tzte Lesezeit\" \/>\n\t<meta name=\"twitter:data1\" content=\"2\u00a0Minuten\" \/>\n<script type=\"application\/ld+json\" class=\"yoast-schema-graph\">{\"@context\":\"https:\\\/\\\/schema.org\",\"@graph\":[{\"@type\":\"WebPage\",\"@id\":\"https:\\\/\\\/bb-reveille.com\\\/de\\\/\",\"url\":\"https:\\\/\\\/bb-reveille.com\\\/de\\\/\",\"name\":\"Home &#8226; B&amp;B Reveille\",\"isPartOf\":{\"@id\":\"https:\\\/\\\/bb-reveille.com\\\/#website\"},\"datePublished\":\"2020-06-29T11:38:16+00:00\",\"dateModified\":\"2021-04-12T08:38:41+00:00\",\"description\":\"Ga op in een oase van rust. Top je dag af nippend aan een glas wijn in de achtertuin van Reveille. Hier ontsnap je even aan de dagelijkse sleur en het snelle bestaan.\",\"breadcrumb\":{\"@id\":\"https:\\\/\\\/bb-reveille.com\\\/de\\\/#breadcrumb\"},\"inLanguage\":\"de\",\"potentialAction\":[{\"@type\":\"ReadAction\",\"target\":[\"https:\\\/\\\/bb-reveille.com\\\/de\\\/\"]}]},{\"@type\":\"BreadcrumbList\",\"@id\":\"https:\\\/\\\/bb-reveille.com\\\/de\\\/#breadcrumb\",\"itemListElement\":[{\"@type\":\"ListItem\",\"position\":1,\"name\":\"Home\",\"item\":\"https:\\\/\\\/bb-reveille.com\\\/de\\\/\"},{\"@type\":\"ListItem\",\"position\":2,\"name\":\"Home\"}]},{\"@type\":\"WebSite\",\"@id\":\"https:\\\/\\\/bb-reveille.com\\\/#website\",\"url\":\"https:\\\/\\\/bb-reveille.com\\\/\",\"name\":\"B&amp;B Reveille\",\"description\":\"Awakens nature in you\",\"publisher\":{\"@id\":\"https:\\\/\\\/bb-reveille.com\\\/#organization\"},\"potentialAction\":[{\"@type\":\"SearchAction\",\"target\":{\"@type\":\"EntryPoint\",\"urlTemplate\":\"https:\\\/\\\/bb-reveille.com\\\/?s={search_term_string}\"},\"query-input\":{\"@type\":\"PropertyValueSpecification\",\"valueRequired\":true,\"valueName\":\"search_term_string\"}}],\"inLanguage\":\"de\"},{\"@type\":\"Organization\",\"@id\":\"https:\\\/\\\/bb-reveille.com\\\/#organization\",\"name\":\"Reveille\",\"url\":\"https:\\\/\\\/bb-reveille.com\\\/\",\"logo\":{\"@type\":\"ImageObject\",\"inLanguage\":\"de\",\"@id\":\"https:\\\/\\\/bb-reveille.com\\\/#\\\/schema\\\/logo\\\/image\\\/\",\"url\":\"https:\\\/\\\/bb-reveille.com\\\/wp-content\\\/uploads\\\/2020\\\/06\\\/reveille-logo-2.svg\",\"contentUrl\":\"https:\\\/\\\/bb-reveille.com\\\/wp-content\\\/uploads\\\/2020\\\/06\\\/reveille-logo-2.svg\",\"width\":548,\"height\":163,\"caption\":\"Reveille\"},\"image\":{\"@id\":\"https:\\\/\\\/bb-reveille.com\\\/#\\\/schema\\\/logo\\\/image\\\/\"}}]}<\/script>\n<!-- \/ Yoast SEO plugin. -->","yoast_head_json":{"title":"Home &#8226; B&amp;B Reveille","description":"Ga op in een oase van rust. Top je dag af nippend aan een glas wijn in de achtertuin van Reveille. Hier ontsnap je even aan de dagelijkse sleur en het snelle bestaan.","robots":{"index":"index","follow":"follow","max-snippet":"max-snippet:-1","max-image-preview":"max-image-preview:large","max-video-preview":"max-video-preview:-1"},"canonical":"https:\/\/bb-reveille.com\/de\/","og_locale":"de_DE","og_type":"article","og_title":"Home &#8226; B&amp;B Reveille","og_description":"Ga op in een oase van rust. Top je dag af nippend aan een glas wijn in de achtertuin van Reveille. Hier ontsnap je even aan de dagelijkse sleur en het snelle bestaan.","og_url":"https:\/\/bb-reveille.com\/de\/","og_site_name":"B&amp;B Reveille","article_modified_time":"2021-04-12T08:38:41+00:00","twitter_card":"summary_large_image","twitter_misc":{"Gesch\u00e4tzte Lesezeit":"2\u00a0Minuten"},"schema":{"@context":"https:\/\/schema.org","@graph":[{"@type":"WebPage","@id":"https:\/\/bb-reveille.com\/de\/","url":"https:\/\/bb-reveille.com\/de\/","name":"Home &#8226; B&amp;B Reveille","isPartOf":{"@id":"https:\/\/bb-reveille.com\/#website"},"datePublished":"2020-06-29T11:38:16+00:00","dateModified":"2021-04-12T08:38:41+00:00","description":"Ga op in een oase van rust. Top je dag af nippend aan een glas wijn in de achtertuin van Reveille. Hier ontsnap je even aan de dagelijkse sleur en het snelle bestaan.","breadcrumb":{"@id":"https:\/\/bb-reveille.com\/de\/#breadcrumb"},"inLanguage":"de","potentialAction":[{"@type":"ReadAction","target":["https:\/\/bb-reveille.com\/de\/"]}]},{"@type":"BreadcrumbList","@id":"https:\/\/bb-reveille.com\/de\/#breadcrumb","itemListElement":[{"@type":"ListItem","position":1,"name":"Home","item":"https:\/\/bb-reveille.com\/de\/"},{"@type":"ListItem","position":2,"name":"Home"}]},{"@type":"WebSite","@id":"https:\/\/bb-reveille.com\/#website","url":"https:\/\/bb-reveille.com\/","name":"B&amp;B Reveille","description":"Awakens nature in you","publisher":{"@id":"https:\/\/bb-reveille.com\/#organization"},"potentialAction":[{"@type":"SearchAction","target":{"@type":"EntryPoint","urlTemplate":"https:\/\/bb-reveille.com\/?s={search_term_string}"},"query-input":{"@type":"PropertyValueSpecification","valueRequired":true,"valueName":"search_term_string"}}],"inLanguage":"de"},{"@type":"Organization","@id":"https:\/\/bb-reveille.com\/#organization","name":"Reveille","url":"https:\/\/bb-reveille.com\/","logo":{"@type":"ImageObject","inLanguage":"de","@id":"https:\/\/bb-reveille.com\/#\/schema\/logo\/image\/","url":"https:\/\/bb-reveille.com\/wp-content\/uploads\/2020\/06\/reveille-logo-2.svg","contentUrl":"https:\/\/bb-reveille.com\/wp-content\/uploads\/2020\/06\/reveille-logo-2.svg","width":548,"height":163,"caption":"Reveille"},"image":{"@id":"https:\/\/bb-reveille.com\/#\/schema\/logo\/image\/"}}]}},"_links":{"self":[{"href":"https:\/\/bb-reveille.com\/de\/wp-json\/wp\/v2\/pages\/444","targetHints":{"allow":["GET"]}}],"collection":[{"href":"https:\/\/bb-reveille.com\/de\/wp-json\/wp\/v2\/pages"}],"about":[{"href":"https:\/\/bb-reveille.com\/de\/wp-json\/wp\/v2\/types\/page"}],"author":[{"embeddable":true,"href":"https:\/\/bb-reveille.com\/de\/wp-json\/wp\/v2\/users\/6"}],"replies":[{"embeddable":true,"href":"https:\/\/bb-reveille.com\/de\/wp-json\/wp\/v2\/comments?post=444"}],"version-history":[{"count":0,"href":"https:\/\/bb-reveille.com\/de\/wp-json\/wp\/v2\/pages\/444\/revisions"}],"wp:attachment":[{"href":"https:\/\/bb-reveille.com\/de\/wp-json\/wp\/v2\/media?parent=444"}],"curies":[{"name":"wp","href":"https:\/\/api.w.org\/{rel}","templated":true}]}}